{"id":1023,"date":"2018-02-13T16:59:52","date_gmt":"2018-02-13T16:59:52","guid":{"rendered":"http:\/\/herbrands.de\/?page_id=1023"},"modified":"2026-02-25T10:24:06","modified_gmt":"2026-02-25T09:24:06","slug":"ueber-uns","status":"publish","type":"page","link":"https:\/\/herbrands.de\/?page_id=1023","title":{"rendered":"\u00dcber uns"},"content":{"rendered":"\n<p class=\"has-global-color-6-color has-text-color has-link-color wp-elements-3a67998de3da2d01464a4fd72bd013f4\">1866 wurde an dieser Stelle die Waggon\u00adfabrik P. Herbrand &amp; Cie. gegr\u00fcndet.Herbrand &amp; Cie. baute G\u00fcter-, Personen- und Stra\u00dfenbahnwagen, die von hier direkt auf die Schiene gebracht wurden.\u00dcber die Jahre ver\u00e4nderte sich das Gesicht der Herbrandstra\u00dfe stetig.<\/p>\n\n\n\n<p class=\"has-global-color-6-color has-text-color has-link-color wp-elements-5882c7379ccddcba0ac68d141434549f\">Seit Mai 1993 ist das jetzige Herbrand\u2019s an dieser Stelle beheimatet und ist seitdem ein Treffpunkt f\u00fcr Menschen aller Couleur und Stilrichtung.<br>Inspiriert durch die Vielf\u00e4ltigkeit seiner G\u00e4ste bietet das Herbrand\u2019s mit Restaurant, Club, Halle und Biergarten einen Ort des Austausches und des Wohlf\u00fchlens f\u00fcr jeden Anlass.<\/p>\n\n\n\n<p class=\"has-global-color-6-color has-text-color has-link-color wp-elements-126599fdbcddfa0fdcbf182efc73ddfe\">Auch in Zukunft m\u00f6chte das Herbrand\u2019s als feste, kontinuierliche Gr\u00f6\u00dfe im Stadtteil Ehrenfeld und in K\u00f6ln seinen Beitrag dazu leisten, ein vielf\u00e4ltiges Programm anzubieten, welches mit einem frischen gastronomischen Angebot begleitet wird.<\/p>\n\n\n\n<p class=\"has-global-color-6-color has-text-color has-link-color wp-elements-d6cf39f0c7581bff99a7171f71b2cc36\">Das gesamte Team freut sich darauf, unsere G\u00e4ste und Freunde herzlich willkommen zu hei\u00dfen und einen sch\u00f6nen Aufenthalt bieten zu d\u00fcrfen!<br><strong>Das Herbrand\u2018s Team<\/strong><\/p>\n\n\n\n<p><a href=\"https:\/\/herbrands.de\/?page_id=1527\">Einige unserer Referenzen<\/a><\/p>\n\n\n\n<p><\/p>\n","protected":false},"excerpt":{"rendered":"<p>1866 wurde an dieser Stelle die Waggon\u00adfabrik P. Herbrand &amp; Cie. gegr\u00fcndet.Herbrand &amp; Cie. baute G\u00fcter-, Personen- und Stra\u00dfenbahnwagen, die von hier [&hellip;]<\/p>\n","protected":false},"author":1,"featured_media":0,"parent":0,"menu_order":0,"comment_status":"closed","ping_status":"closed","template":"","meta":{"footnotes":""},"class_list":["post-1023","page","type-page","status-publish","hentry"],"_links":{"self":[{"href":"https:\/\/herbrands.de\/index.php?rest_route=\/wp\/v2\/pages\/1023","targetHints":{"allow":["GET"]}}],"collection":[{"href":"https:\/\/herbrands.de\/index.php?rest_route=\/wp\/v2\/pages"}],"about":[{"href":"https:\/\/herbrands.de\/index.php?rest_route=\/wp\/v2\/types\/page"}],"author":[{"embeddable":true,"href":"https:\/\/herbrands.de\/index.php?rest_route=\/wp\/v2\/users\/1"}],"replies":[{"embeddable":true,"href":"https:\/\/herbrands.de\/index.php?rest_route=%2Fwp%2Fv2%2Fcomments&post=1023"}],"version-history":[{"count":18,"href":"https:\/\/herbrands.de\/index.php?rest_route=\/wp\/v2\/pages\/1023\/revisions"}],"predecessor-version":[{"id":114555,"href":"https:\/\/herbrands.de\/index.php?rest_route=\/wp\/v2\/pages\/1023\/revisions\/114555"}],"wp:attachment":[{"href":"https:\/\/herbrands.de\/index.php?rest_route=%2Fwp%2Fv2%2Fmedia&parent=1023"}],"curies":[{"name":"wp","href":"https:\/\/api.w.org\/{rel}","templated":true}]}}