{"id":112731,"date":"2025-12-09T09:10:37","date_gmt":"2025-12-09T08:10:37","guid":{"rendered":"https:\/\/herbrands.de\/?page_id=112731"},"modified":"2026-04-02T13:24:03","modified_gmt":"2026-04-02T11:24:03","slug":"das-restaurant","status":"publish","type":"page","link":"https:\/\/herbrands.de\/?page_id=112731","title":{"rendered":"Das Restaurant"},"content":{"rendered":"\n<h2 class=\"wp-block-heading\">Kommunikatives Herzst\u00fcck<\/h2>\n\n\n\n<p class=\"is-style-sydney-no-margin has-black-color has-global-color-8-background-color has-text-color has-background has-link-color has-medium-font-size wp-elements-70872737dab94c3fffe3d5baff5859c0\">Nutzen Sie unser Restaurant zus\u00e4tzlich f\u00fcr diverse Veranstaltungen:<\/p>\n\n\n\n<p class=\"has-black-color has-global-color-8-background-color has-text-color has-background has-link-color wp-elements-c12af803f1ea4235997ce34fe3e07183\">Firmenevents, Tagungen, Hausmessen, Seminare, Konferenzen, Produktlaunch &#8211; Sprechen Sie uns an, um die gesamte Bedarfsfl\u00e4che zu ermitteln.<\/p>\n\n\n\n<div class=\"wp-block-media-text alignwide is-stacked-on-mobile\"><figure class=\"wp-block-media-text__media\"><img loading=\"lazy\" decoding=\"async\" width=\"1024\" height=\"549\" src=\"https:\/\/herbrands.de\/wp-content\/uploads\/2025\/12\/Restaurant-eingedeckt_4_1080-1024x549.jpg\" alt=\"\" class=\"wp-image-112760 size-full\" srcset=\"https:\/\/herbrands.de\/wp-content\/uploads\/2025\/12\/Restaurant-eingedeckt_4_1080-1024x549.jpg 1024w, https:\/\/herbrands.de\/wp-content\/uploads\/2025\/12\/Restaurant-eingedeckt_4_1080-300x161.jpg 300w, https:\/\/herbrands.de\/wp-content\/uploads\/2025\/12\/Restaurant-eingedeckt_4_1080-768x411.jpg 768w, https:\/\/herbrands.de\/wp-content\/uploads\/2025\/12\/Restaurant-eingedeckt_4_1080-200x107.jpg 200w, https:\/\/herbrands.de\/wp-content\/uploads\/2025\/12\/Restaurant-eingedeckt_4_1080-1536x823.jpg 1536w, https:\/\/herbrands.de\/wp-content\/uploads\/2025\/12\/Restaurant-eingedeckt_4_1080-1000x536.jpg 1000w, https:\/\/herbrands.de\/wp-content\/uploads\/2025\/12\/Restaurant-eingedeckt_4_1080-230x123.jpg 230w, https:\/\/herbrands.de\/wp-content\/uploads\/2025\/12\/Restaurant-eingedeckt_4_1080-350x188.jpg 350w, https:\/\/herbrands.de\/wp-content\/uploads\/2025\/12\/Restaurant-eingedeckt_4_1080-480x257.jpg 480w, https:\/\/herbrands.de\/wp-content\/uploads\/2025\/12\/Restaurant-eingedeckt_4_1080.jpg 2016w\" sizes=\"auto, (max-width: 1024px) 100vw, 1024px\" \/><\/figure><div class=\"wp-block-media-text__content\">\n<h2 class=\"wp-block-heading\">Kapazit\u00e4t Restaurant<\/h2>\n\n\n\n<ul class=\"wp-block-list has-black-color has-global-color-8-background-color has-text-color has-background has-link-color has-medium-font-size wp-elements-c968c746cc2d7beba12d12c0c5ad6106\">\n<li>Empfang mit Stehtischen 220 Personen<\/li>\n\n\n\n<li>Reihenbestuhlung mit B\u00fchne 150 Personen<\/li>\n\n\n\n<li>Gesetzt an langen Tischen 170 Personen<\/li>\n<\/ul>\n<\/div><\/div>\n\n\n\n<div class=\"wp-block-media-text alignwide has-media-on-the-right is-stacked-on-mobile\"><div class=\"wp-block-media-text__content\">\n<h2 class=\"wp-block-heading\">Technik Restaurant<\/h2>\n\n\n\n<ul class=\"wp-block-list has-black-color has-global-color-8-background-color has-text-color has-background has-link-color has-medium-font-size wp-elements-b7eeff9edfcbd1fabbc5b260764de0e2\">\n<li>Tonanlage<\/li>\n\n\n\n<li>Beleuchtung<\/li>\n\n\n\n<li>Beamer &amp; Leinwand<\/li>\n\n\n\n<li>Mikrophon<\/li>\n<\/ul>\n<\/div><figure class=\"wp-block-media-text__media\"><img loading=\"lazy\" decoding=\"async\" width=\"1024\" height=\"683\" src=\"https:\/\/herbrands.de\/wp-content\/uploads\/2025\/12\/Restaurant_Theke_1080-1024x683.jpg\" alt=\"\" class=\"wp-image-112772 size-full\" srcset=\"https:\/\/herbrands.de\/wp-content\/uploads\/2025\/12\/Restaurant_Theke_1080-1024x683.jpg 1024w, https:\/\/herbrands.de\/wp-content\/uploads\/2025\/12\/Restaurant_Theke_1080-300x200.jpg 300w, https:\/\/herbrands.de\/wp-content\/uploads\/2025\/12\/Restaurant_Theke_1080-768x512.jpg 768w, https:\/\/herbrands.de\/wp-content\/uploads\/2025\/12\/Restaurant_Theke_1080-200x133.jpg 200w, https:\/\/herbrands.de\/wp-content\/uploads\/2025\/12\/Restaurant_Theke_1080-1536x1024.jpg 1536w, https:\/\/herbrands.de\/wp-content\/uploads\/2025\/12\/Restaurant_Theke_1080-1000x667.jpg 1000w, https:\/\/herbrands.de\/wp-content\/uploads\/2025\/12\/Restaurant_Theke_1080-230x153.jpg 230w, https:\/\/herbrands.de\/wp-content\/uploads\/2025\/12\/Restaurant_Theke_1080-350x233.jpg 350w, https:\/\/herbrands.de\/wp-content\/uploads\/2025\/12\/Restaurant_Theke_1080-480x320.jpg 480w, https:\/\/herbrands.de\/wp-content\/uploads\/2025\/12\/Restaurant_Theke_1080.jpg 1620w\" sizes=\"auto, (max-width: 1024px) 100vw, 1024px\" \/><\/figure><\/div>\n\n\n\n<div class=\"wp-block-media-text alignwide is-stacked-on-mobile\"><figure class=\"wp-block-media-text__media\"><img loading=\"lazy\" decoding=\"async\" width=\"1024\" height=\"768\" src=\"https:\/\/herbrands.de\/wp-content\/uploads\/2026\/04\/DJI_0046-1024x768.jpg\" alt=\"\" class=\"wp-image-115698 size-full\" srcset=\"https:\/\/herbrands.de\/wp-content\/uploads\/2026\/04\/DJI_0046-1024x768.jpg 1024w, https:\/\/herbrands.de\/wp-content\/uploads\/2026\/04\/DJI_0046-300x225.jpg 300w, https:\/\/herbrands.de\/wp-content\/uploads\/2026\/04\/DJI_0046-768x576.jpg 768w, https:\/\/herbrands.de\/wp-content\/uploads\/2026\/04\/DJI_0046-200x150.jpg 200w, https:\/\/herbrands.de\/wp-content\/uploads\/2026\/04\/DJI_0046-1536x1152.jpg 1536w, https:\/\/herbrands.de\/wp-content\/uploads\/2026\/04\/DJI_0046-2048x1536.jpg 2048w, https:\/\/herbrands.de\/wp-content\/uploads\/2026\/04\/DJI_0046-1000x750.jpg 1000w, https:\/\/herbrands.de\/wp-content\/uploads\/2026\/04\/DJI_0046-230x173.jpg 230w, https:\/\/herbrands.de\/wp-content\/uploads\/2026\/04\/DJI_0046-350x263.jpg 350w, https:\/\/herbrands.de\/wp-content\/uploads\/2026\/04\/DJI_0046-480x360.jpg 480w\" sizes=\"auto, (max-width: 1024px) 100vw, 1024px\" \/><\/figure><div class=\"wp-block-media-text__content\">\n<h2 class=\"wp-block-heading\">Ausstattung Restaurant<\/h2>\n\n\n\n<ul class=\"wp-block-list has-black-color has-global-color-8-background-color has-text-color has-background has-link-color has-medium-font-size wp-elements-278c7633d60ebb4d253d0c4247f7db2e\">\n<li>160m\u00b2 Fl\u00e4che<\/li>\n\n\n\n<li>Bar<\/li>\n\n\n\n<li>B\u00fchne m\u00f6glich<\/li>\n\n\n\n<li>Eigene Gastronomie<\/li>\n\n\n\n<li>Parkpl\u00e4tze<\/li>\n\n\n\n<li>LKW Zufahrt<\/li>\n\n\n\n<li>Barrierefrei<\/li>\n\n\n\n<li>\u00d6ffentliche Verkehrsmittel<\/li>\n\n\n\n<li>Parkhaus fu\u00dfl\u00e4ufig<\/li>\n<\/ul>\n<\/div><\/div>\n\n\n\n<p><\/p>\n\n\n\n<div class=\"wp-block-media-text alignwide has-media-on-the-right is-stacked-on-mobile\"><div class=\"wp-block-media-text__content\">\n<p class=\"\/* Beispielklasse: .link-rot *\/ a, a:visited { color: red !important; text-decoration: none; } a:hover, a:focus #cc0000 underline; a:active #990000 has-black-color has-global-color-8-background-color has-text-color has-background has-link-color wp-elements-64b19cc90b13dd345a41a9bf239a8e0b\">Sprechen Sie uns an: 0221-9541656. Das Veranstaltungs- \/ Eventb\u00fcro ist werktags in den Kernzeiten von 10:00 &#8211; 16:00 Uhr mit einem kompetenten Ansprechpartner besetzt. Sie k\u00f6nnen gerne unser <a href=\"https:\/\/herbrands.de\/?page_id=112820\">Kontaktformular <\/a>nutzen und wir rufen Sie zur\u00fcck.<\/p>\n\n\n\n<h6 class=\"wp-block-heading has-black-color has-global-color-8-background-color has-text-color has-background has-link-color wp-elements-227d89be5577e1af869185ad51631166\"><a href=\"https:\/\/herbrands.de\/downloads\/Datenblatt_Herbrands_Restaurant.pdf\" target=\"_blank\" rel=\"noreferrer noopener\">Datenblatt als PDF<\/a><\/h6>\n\n\n\n<h6 class=\"wp-block-heading has-black-color has-global-color-8-background-color has-text-color has-background has-link-color wp-elements-7de617224d50837259a338f06169bfc6\"><a href=\"https:\/\/herbrands.de\/downloads\/Locationbrochuere_Herbrands.pdf\" target=\"_blank\" rel=\"noreferrer noopener\">Download HERBRAND\u2019s Locationbrosch\u00fcre<\/a><\/h6>\n\n\n\n<h6 class=\"wp-block-heading has-black-color has-global-color-8-background-color has-text-color has-background has-link-color wp-elements-d3e6e4b5364acdb53f339d85963f7cd9\"><a href=\"https:\/\/herbrands.de\/wp-content\/uploads\/2017\/12\/Herbrands_Location\u00fcbersicht.pdf\" target=\"_blank\" rel=\"noreferrer noopener\">Download Location\u00fcbersicht<\/a><\/h6>\n<\/div><figure class=\"wp-block-media-text__media\"><\/figure><\/div>\n\n\n\n<p><\/p>\n","protected":false},"excerpt":{"rendered":"<p>Kommunikatives Herzst\u00fcck Nutzen Sie unser Restaurant zus\u00e4tzlich f\u00fcr diverse Veranstaltungen: Firmenevents, Tagungen, Hausmessen, Seminare, Konferenzen, Produktlaunch &#8211; Sprechen Sie uns an, um [&hellip;]<\/p>\n","protected":false},"author":1,"featured_media":0,"parent":0,"menu_order":0,"comment_status":"closed","ping_status":"closed","template":"page-templates\/page_fullwidth.php","meta":{"footnotes":""},"class_list":["post-112731","page","type-page","status-publish","hentry"],"_links":{"self":[{"href":"https:\/\/herbrands.de\/index.php?rest_route=\/wp\/v2\/pages\/112731","targetHints":{"allow":["GET"]}}],"collection":[{"href":"https:\/\/herbrands.de\/index.php?rest_route=\/wp\/v2\/pages"}],"about":[{"href":"https:\/\/herbrands.de\/index.php?rest_route=\/wp\/v2\/types\/page"}],"author":[{"embeddable":true,"href":"https:\/\/herbrands.de\/index.php?rest_route=\/wp\/v2\/users\/1"}],"replies":[{"embeddable":true,"href":"https:\/\/herbrands.de\/index.php?rest_route=%2Fwp%2Fv2%2Fcomments&post=112731"}],"version-history":[{"count":17,"href":"https:\/\/herbrands.de\/index.php?rest_route=\/wp\/v2\/pages\/112731\/revisions"}],"predecessor-version":[{"id":115699,"href":"https:\/\/herbrands.de\/index.php?rest_route=\/wp\/v2\/pages\/112731\/revisions\/115699"}],"wp:attachment":[{"href":"https:\/\/herbrands.de\/index.php?rest_route=%2Fwp%2Fv2%2Fmedia&parent=112731"}],"curies":[{"name":"wp","href":"https:\/\/api.w.org\/{rel}","templated":true}]}}