{"id":112820,"date":"2025-12-09T12:23:29","date_gmt":"2025-12-09T11:23:29","guid":{"rendered":"https:\/\/herbrands.de\/?page_id=112820"},"modified":"2026-04-02T13:17:29","modified_gmt":"2026-04-02T11:17:29","slug":"die-location","status":"publish","type":"page","link":"https:\/\/herbrands.de\/?page_id=112820","title":{"rendered":"Die Location zum Buchen"},"content":{"rendered":"\n<h2 class=\"wp-block-heading\">Restaurant, Biergarten, Cocktail-Lounge, Club, Partyfloor &amp; Eventlocation &#8211; ALL IN ONE<\/h2>\n\n\n\n<p><strong><mark style=\"background-color:rgba(0, 0, 0, 0)\" class=\"has-inline-color has-global-color-3-color\">Das Herbrand\u2019s bietet eine Vielzahl von Areas f\u00fcr deine Veranstaltung.<\/mark><\/strong><\/p>\n\n\n\n<div class=\"wp-block-media-text has-media-on-the-right is-stacked-on-mobile\" style=\"grid-template-columns:auto 52%\"><div class=\"wp-block-media-text__content\">\n<p class=\"has-global-color-3-color has-text-color has-link-color wp-elements-bd0c17275465ad93a05076c34442be3b\"><strong>Firmenevents, Tagungen, Hausmessen, Seminare, Konferenzen, Produktlaunch &#8211; Das <a href=\"https:\/\/herbrands.de\/?page_id=112820\" data-type=\"page\" data-id=\"112820\">HERBRAND\u2019s <\/a>bietet eine Vielzahl von Areas f\u00fcr Ihre Veranstaltung!<\/strong><br><strong> <br>Achtung: F\u00fcr Hochzeiten ist unsere Location nicht geeignet.<\/strong><\/p>\n<\/div><figure class=\"wp-block-media-text__media\"><img loading=\"lazy\" decoding=\"async\" width=\"1024\" height=\"683\" src=\"https:\/\/herbrands.de\/wp-content\/uploads\/2025\/12\/IMG_9461-2-1024x683.jpg\" alt=\"\" class=\"wp-image-113239 size-full\" srcset=\"https:\/\/herbrands.de\/wp-content\/uploads\/2025\/12\/IMG_9461-2-1024x683.jpg 1024w, https:\/\/herbrands.de\/wp-content\/uploads\/2025\/12\/IMG_9461-2-300x200.jpg 300w, https:\/\/herbrands.de\/wp-content\/uploads\/2025\/12\/IMG_9461-2-768x512.jpg 768w, https:\/\/herbrands.de\/wp-content\/uploads\/2025\/12\/IMG_9461-2-200x133.jpg 200w, https:\/\/herbrands.de\/wp-content\/uploads\/2025\/12\/IMG_9461-2-1536x1024.jpg 1536w, https:\/\/herbrands.de\/wp-content\/uploads\/2025\/12\/IMG_9461-2-2048x1365.jpg 2048w, https:\/\/herbrands.de\/wp-content\/uploads\/2025\/12\/IMG_9461-2-1000x667.jpg 1000w, https:\/\/herbrands.de\/wp-content\/uploads\/2025\/12\/IMG_9461-2-230x153.jpg 230w, https:\/\/herbrands.de\/wp-content\/uploads\/2025\/12\/IMG_9461-2-350x233.jpg 350w, https:\/\/herbrands.de\/wp-content\/uploads\/2025\/12\/IMG_9461-2-480x320.jpg 480w\" sizes=\"auto, (max-width: 1024px) 100vw, 1024px\" \/><\/figure><\/div>\n\n\n\n<div class=\"wp-block-media-text is-stacked-on-mobile\" style=\"grid-template-columns:47% auto\"><figure class=\"wp-block-media-text__media\"><img loading=\"lazy\" decoding=\"async\" width=\"1024\" height=\"768\" src=\"https:\/\/herbrands.de\/wp-content\/uploads\/2025\/12\/DJI_0035-1-1024x768.jpg\" alt=\"\" class=\"wp-image-113241 size-full\" srcset=\"https:\/\/herbrands.de\/wp-content\/uploads\/2025\/12\/DJI_0035-1-1024x768.jpg 1024w, https:\/\/herbrands.de\/wp-content\/uploads\/2025\/12\/DJI_0035-1-300x225.jpg 300w, https:\/\/herbrands.de\/wp-content\/uploads\/2025\/12\/DJI_0035-1-768x576.jpg 768w, https:\/\/herbrands.de\/wp-content\/uploads\/2025\/12\/DJI_0035-1-200x150.jpg 200w, https:\/\/herbrands.de\/wp-content\/uploads\/2025\/12\/DJI_0035-1-1536x1152.jpg 1536w, https:\/\/herbrands.de\/wp-content\/uploads\/2025\/12\/DJI_0035-1-2048x1536.jpg 2048w, https:\/\/herbrands.de\/wp-content\/uploads\/2025\/12\/DJI_0035-1-1000x750.jpg 1000w, https:\/\/herbrands.de\/wp-content\/uploads\/2025\/12\/DJI_0035-1-230x173.jpg 230w, https:\/\/herbrands.de\/wp-content\/uploads\/2025\/12\/DJI_0035-1-350x263.jpg 350w, https:\/\/herbrands.de\/wp-content\/uploads\/2025\/12\/DJI_0035-1-480x360.jpg 480w\" sizes=\"auto, (max-width: 1024px) 100vw, 1024px\" \/><\/figure><div class=\"wp-block-media-text__content\">\n<p><\/p>\n<\/div><\/div>\n\n\n\n<figure class=\"wp-block-image size-large\"><img loading=\"lazy\" decoding=\"async\" width=\"1024\" height=\"683\" src=\"https:\/\/herbrands.de\/wp-content\/uploads\/2026\/03\/DSC_0019-1024x683.jpg\" alt=\"\" class=\"wp-image-115610\" style=\"aspect-ratio:1.4992734928683689\" srcset=\"https:\/\/herbrands.de\/wp-content\/uploads\/2026\/03\/DSC_0019-1024x683.jpg 1024w, https:\/\/herbrands.de\/wp-content\/uploads\/2026\/03\/DSC_0019-300x200.jpg 300w, https:\/\/herbrands.de\/wp-content\/uploads\/2026\/03\/DSC_0019-768x512.jpg 768w, https:\/\/herbrands.de\/wp-content\/uploads\/2026\/03\/DSC_0019-200x133.jpg 200w, https:\/\/herbrands.de\/wp-content\/uploads\/2026\/03\/DSC_0019-1536x1024.jpg 1536w, https:\/\/herbrands.de\/wp-content\/uploads\/2026\/03\/DSC_0019-2048x1365.jpg 2048w, https:\/\/herbrands.de\/wp-content\/uploads\/2026\/03\/DSC_0019-1000x667.jpg 1000w, https:\/\/herbrands.de\/wp-content\/uploads\/2026\/03\/DSC_0019-230x153.jpg 230w, https:\/\/herbrands.de\/wp-content\/uploads\/2026\/03\/DSC_0019-350x233.jpg 350w, https:\/\/herbrands.de\/wp-content\/uploads\/2026\/03\/DSC_0019-480x320.jpg 480w\" sizes=\"auto, (max-width: 1024px) 100vw, 1024px\" \/><\/figure>\n\n\n\n<figure class=\"wp-block-gallery has-nested-images columns-default is-cropped wp-block-gallery-1 is-layout-flex wp-block-gallery-is-layout-flex\">\n<figure class=\"wp-block-image size-large\"><img loading=\"lazy\" decoding=\"async\" width=\"1024\" height=\"768\" data-id=\"105937\" src=\"https:\/\/herbrands.de\/wp-content\/uploads\/2025\/06\/Firmenevent_2-1024x768.jpeg\" alt=\"\" class=\"wp-image-105937\" srcset=\"https:\/\/herbrands.de\/wp-content\/uploads\/2025\/06\/Firmenevent_2-1024x768.jpeg 1024w, https:\/\/herbrands.de\/wp-content\/uploads\/2025\/06\/Firmenevent_2-300x225.jpeg 300w, https:\/\/herbrands.de\/wp-content\/uploads\/2025\/06\/Firmenevent_2-768x576.jpeg 768w, https:\/\/herbrands.de\/wp-content\/uploads\/2025\/06\/Firmenevent_2-200x150.jpeg 200w, https:\/\/herbrands.de\/wp-content\/uploads\/2025\/06\/Firmenevent_2-1536x1152.jpeg 1536w, https:\/\/herbrands.de\/wp-content\/uploads\/2025\/06\/Firmenevent_2-1000x750.jpeg 1000w, https:\/\/herbrands.de\/wp-content\/uploads\/2025\/06\/Firmenevent_2-230x173.jpeg 230w, https:\/\/herbrands.de\/wp-content\/uploads\/2025\/06\/Firmenevent_2-350x263.jpeg 350w, https:\/\/herbrands.de\/wp-content\/uploads\/2025\/06\/Firmenevent_2-480x360.jpeg 480w, https:\/\/herbrands.de\/wp-content\/uploads\/2025\/06\/Firmenevent_2.jpeg 2048w\" sizes=\"auto, (max-width: 1024px) 100vw, 1024px\" \/><\/figure>\n<\/figure>\n\n\n\n<figure class=\"wp-block-gallery has-nested-images columns-default is-cropped wp-block-gallery-2 is-layout-flex wp-block-gallery-is-layout-flex\">\n<figure class=\"wp-block-image size-large\"><img loading=\"lazy\" decoding=\"async\" width=\"1024\" height=\"768\" data-id=\"105936\" src=\"https:\/\/herbrands.de\/wp-content\/uploads\/2025\/06\/Firmenevent-Kirschbluetenfest-2-1024x768.jpeg\" alt=\"\" class=\"wp-image-105936\" srcset=\"https:\/\/herbrands.de\/wp-content\/uploads\/2025\/06\/Firmenevent-Kirschbluetenfest-2-1024x768.jpeg 1024w, https:\/\/herbrands.de\/wp-content\/uploads\/2025\/06\/Firmenevent-Kirschbluetenfest-2-300x225.jpeg 300w, https:\/\/herbrands.de\/wp-content\/uploads\/2025\/06\/Firmenevent-Kirschbluetenfest-2-768x576.jpeg 768w, https:\/\/herbrands.de\/wp-content\/uploads\/2025\/06\/Firmenevent-Kirschbluetenfest-2-200x150.jpeg 200w, https:\/\/herbrands.de\/wp-content\/uploads\/2025\/06\/Firmenevent-Kirschbluetenfest-2-1536x1152.jpeg 1536w, https:\/\/herbrands.de\/wp-content\/uploads\/2025\/06\/Firmenevent-Kirschbluetenfest-2-1000x750.jpeg 1000w, https:\/\/herbrands.de\/wp-content\/uploads\/2025\/06\/Firmenevent-Kirschbluetenfest-2-230x173.jpeg 230w, https:\/\/herbrands.de\/wp-content\/uploads\/2025\/06\/Firmenevent-Kirschbluetenfest-2-350x263.jpeg 350w, https:\/\/herbrands.de\/wp-content\/uploads\/2025\/06\/Firmenevent-Kirschbluetenfest-2-480x360.jpeg 480w, https:\/\/herbrands.de\/wp-content\/uploads\/2025\/06\/Firmenevent-Kirschbluetenfest-2.jpeg 2048w\" sizes=\"auto, (max-width: 1024px) 100vw, 1024px\" \/><\/figure>\n<\/figure>\n\n\n\n<figure class=\"wp-block-gallery has-nested-images columns-default is-cropped wp-block-gallery-3 is-layout-flex wp-block-gallery-is-layout-flex\">\n<figure class=\"wp-block-image size-large\"><img loading=\"lazy\" decoding=\"async\" width=\"1024\" height=\"683\" data-id=\"113100\" src=\"https:\/\/herbrands.de\/wp-content\/uploads\/2025\/12\/Event-Wundermacher-5-1-1024x683.jpeg\" alt=\"\" class=\"wp-image-113100\" srcset=\"https:\/\/herbrands.de\/wp-content\/uploads\/2025\/12\/Event-Wundermacher-5-1-1024x683.jpeg 1024w, https:\/\/herbrands.de\/wp-content\/uploads\/2025\/12\/Event-Wundermacher-5-1-300x200.jpeg 300w, https:\/\/herbrands.de\/wp-content\/uploads\/2025\/12\/Event-Wundermacher-5-1-768x512.jpeg 768w, https:\/\/herbrands.de\/wp-content\/uploads\/2025\/12\/Event-Wundermacher-5-1-200x133.jpeg 200w, https:\/\/herbrands.de\/wp-content\/uploads\/2025\/12\/Event-Wundermacher-5-1-1536x1024.jpeg 1536w, https:\/\/herbrands.de\/wp-content\/uploads\/2025\/12\/Event-Wundermacher-5-1-1000x667.jpeg 1000w, https:\/\/herbrands.de\/wp-content\/uploads\/2025\/12\/Event-Wundermacher-5-1-230x153.jpeg 230w, https:\/\/herbrands.de\/wp-content\/uploads\/2025\/12\/Event-Wundermacher-5-1-350x233.jpeg 350w, https:\/\/herbrands.de\/wp-content\/uploads\/2025\/12\/Event-Wundermacher-5-1-480x320.jpeg 480w, https:\/\/herbrands.de\/wp-content\/uploads\/2025\/12\/Event-Wundermacher-5-1.jpeg 1875w\" sizes=\"auto, (max-width: 1024px) 100vw, 1024px\" \/><\/figure>\n<\/figure>\n\n\n\n<p class=\"\/* Beispielklasse: .link-rot *\/ a, a:visited { color: red !important; text-decoration: none; } a:hover, a:focus #cc0000 underline; a:active #990000 has-black-color has-global-color-8-background-color has-text-color has-background has-link-color wp-elements-52eeca78f8d63c1a74a30be34cde4133\">Sprechen Sie uns an: 0221-9541656. Das Veranstaltungs- \/ Eventb\u00fcro ist werktags in den Kernzeiten von 10:00 &#8211; 16:00 Uhr mit einem kompetenten Ansprechpartner besetzt. Sie k\u00f6nnen gerne unser Kontaktformular weiter unten nutzen und wir rufen Sie zur\u00fcck.<\/p>\n\n\n\n<p class=\"has-black-color has-global-color-8-background-color has-text-color has-background has-link-color wp-elements-7a787a94c238ff812e6d4e668ba08bc6\"><a href=\"https:\/\/herbrands.de\/downloads\/Locationbrochuere_Herbrands.pdf\" target=\"_blank\" rel=\"noreferrer noopener\">Download HERBRAND\u2019s Locationbrosch\u00fcre<\/a><br><a href=\"https:\/\/herbrands.de\/wp-content\/uploads\/2017\/12\/Herbrands_Location\u00fcbersicht.pdf\" target=\"_blank\" rel=\"noreferrer noopener\">Download Location\u00fcbersicht<\/a><\/p>\n\n\n\n<div class=\"wp-block-media-text has-media-on-the-right is-stacked-on-mobile\" style=\"grid-template-columns:auto 60%\"><div class=\"wp-block-media-text__content\">\n<p><\/p>\n\n\n\n<div class=\"wp-block-contact-form-7-contact-form-selector\">\n<div class=\"wpcf7 no-js\" id=\"wpcf7-f169-o1\" lang=\"de-DE\" dir=\"ltr\" data-wpcf7-id=\"169\">\n<div class=\"screen-reader-response\"><p role=\"status\" aria-live=\"polite\" aria-atomic=\"true\"><\/p> <ul><\/ul><\/div>\n<form action=\"\/index.php?rest_route=%2Fwp%2Fv2%2Fpages%2F112820#wpcf7-f169-o1\" method=\"post\" class=\"wpcf7-form init\" aria-label=\"Kontaktformular\" novalidate=\"novalidate\" data-status=\"init\">\n<fieldset class=\"hidden-fields-container\"><input type=\"hidden\" name=\"_wpcf7\" value=\"169\" \/><input type=\"hidden\" name=\"_wpcf7_version\" value=\"6.1.5\" \/><input type=\"hidden\" name=\"_wpcf7_locale\" value=\"de_DE\" \/><input type=\"hidden\" name=\"_wpcf7_unit_tag\" value=\"wpcf7-f169-o1\" \/><input type=\"hidden\" name=\"_wpcf7_container_post\" value=\"0\" \/><input type=\"hidden\" name=\"_wpcf7_posted_data_hash\" value=\"\" \/>\n<\/fieldset>\n<p><label> Dein Name *<br \/>\n<span class=\"wpcf7-form-control-wrap\" data-name=\"your-name\"><input size=\"40\" maxlength=\"400\" class=\"wpcf7-form-control wpcf7-text wpcf7-validates-as-required\" aria-required=\"true\" aria-invalid=\"false\" value=\"\" type=\"text\" name=\"your-name\" \/><\/span> <\/label><br \/>\n<label> Deine E-Mail-Adresse *<br \/>\n<span class=\"wpcf7-form-control-wrap\" data-name=\"your-email\"><input size=\"40\" maxlength=\"400\" class=\"wpcf7-form-control wpcf7-email wpcf7-validates-as-required wpcf7-text wpcf7-validates-as-email\" aria-required=\"true\" aria-invalid=\"false\" value=\"\" type=\"email\" name=\"your-email\" \/><\/span> <\/label><br \/>\n<label> Deine Rufnummern *<br \/>\n<span class=\"wpcf7-form-control-wrap\" data-name=\"Rufnummer\"><input size=\"40\" maxlength=\"400\" class=\"wpcf7-form-control wpcf7-tel wpcf7-validates-as-required wpcf7-text wpcf7-validates-as-tel\" aria-required=\"true\" aria-invalid=\"false\" value=\"\" type=\"tel\" name=\"Rufnummer\" \/><\/span><\/label><br \/>\n<label> Betreff<br \/>\n<span class=\"wpcf7-form-control-wrap\" data-name=\"your-subject\"><input size=\"40\" maxlength=\"400\" class=\"wpcf7-form-control wpcf7-text\" aria-invalid=\"false\" value=\"\" type=\"text\" name=\"your-subject\" \/><\/span> <\/label><br \/>\n<label> Deine Nachricht<br \/>\n<span class=\"wpcf7-form-control-wrap\" data-name=\"your-message\"><textarea cols=\"40\" rows=\"10\" maxlength=\"2000\" class=\"wpcf7-form-control wpcf7-textarea\" aria-invalid=\"false\" name=\"your-message\"><\/textarea><\/span> <\/label>\n<\/p>\n<p><input class=\"wpcf7-form-control wpcf7-submit has-spinner\" type=\"submit\" value=\"Senden\" \/>\n<\/p><p style=\"display: none !important;\" class=\"akismet-fields-container\" data-prefix=\"_wpcf7_ak_\"><label>&#916;<textarea name=\"_wpcf7_ak_hp_textarea\" cols=\"45\" rows=\"8\" maxlength=\"100\"><\/textarea><\/label><input type=\"hidden\" id=\"ak_js_1\" name=\"_wpcf7_ak_js\" value=\"29\"\/><script>document.getElementById( \"ak_js_1\" ).setAttribute( \"value\", ( new Date() ).getTime() );<\/script><\/p><div class=\"wpcf7-response-output\" aria-hidden=\"true\"><\/div>\n<\/form>\n<\/div>\n<\/div>\n\n\n\n<p><\/p>\n<\/div><figure class=\"wp-block-media-text__media\"><img loading=\"lazy\" decoding=\"async\" width=\"1024\" height=\"969\" src=\"https:\/\/herbrands.de\/wp-content\/uploads\/2025\/12\/Campus-1024x969.jpg\" alt=\"\" class=\"wp-image-113276 size-full\" srcset=\"https:\/\/herbrands.de\/wp-content\/uploads\/2025\/12\/Campus-1024x969.jpg 1024w, https:\/\/herbrands.de\/wp-content\/uploads\/2025\/12\/Campus-300x284.jpg 300w, https:\/\/herbrands.de\/wp-content\/uploads\/2025\/12\/Campus-768x727.jpg 768w, https:\/\/herbrands.de\/wp-content\/uploads\/2025\/12\/Campus-200x189.jpg 200w, https:\/\/herbrands.de\/wp-content\/uploads\/2025\/12\/Campus-1000x947.jpg 1000w, https:\/\/herbrands.de\/wp-content\/uploads\/2025\/12\/Campus-230x218.jpg 230w, https:\/\/herbrands.de\/wp-content\/uploads\/2025\/12\/Campus-350x331.jpg 350w, https:\/\/herbrands.de\/wp-content\/uploads\/2025\/12\/Campus-480x454.jpg 480w, https:\/\/herbrands.de\/wp-content\/uploads\/2025\/12\/Campus.jpg 1141w\" sizes=\"auto, (max-width: 1024px) 100vw, 1024px\" \/><\/figure><\/div>\n\n\n\n<p class=\"has-global-color-6-color has-text-color has-link-color wp-elements-ced85eb3dd7d6d8f6407f3e5dd0cc35a\">Die Datenverarbeitung erfolgt nur zur Bearbeitung dieser Veranstaltungsanfrage gem\u00e4\u00df unserer&nbsp;<a href=\"https:\/\/herbrands.de\/DSGVO\/Datenschutz_MAXIMUM.pdf\" target=\"_blank\" rel=\"noreferrer noopener\">Datenschutzerkl\u00e4rung<\/a>.<\/p>\n","protected":false},"excerpt":{"rendered":"<p>Restaurant, Biergarten, Cocktail-Lounge, Club, Partyfloor &amp; Eventlocation &#8211; ALL IN ONE Das Herbrand\u2019s bietet eine Vielzahl von Areas f\u00fcr deine Veranstaltung. Firmenevents, [&hellip;]<\/p>\n","protected":false},"author":1,"featured_media":0,"parent":0,"menu_order":0,"comment_status":"closed","ping_status":"closed","template":"page-templates\/page_fullwidth.php","meta":{"footnotes":""},"class_list":["post-112820","page","type-page","status-publish","hentry"],"_links":{"self":[{"href":"https:\/\/herbrands.de\/index.php?rest_route=\/wp\/v2\/pages\/112820","targetHints":{"allow":["GET"]}}],"collection":[{"href":"https:\/\/herbrands.de\/index.php?rest_route=\/wp\/v2\/pages"}],"about":[{"href":"https:\/\/herbrands.de\/index.php?rest_route=\/wp\/v2\/types\/page"}],"author":[{"embeddable":true,"href":"https:\/\/herbrands.de\/index.php?rest_route=\/wp\/v2\/users\/1"}],"replies":[{"embeddable":true,"href":"https:\/\/herbrands.de\/index.php?rest_route=%2Fwp%2Fv2%2Fcomments&post=112820"}],"version-history":[{"count":56,"href":"https:\/\/herbrands.de\/index.php?rest_route=\/wp\/v2\/pages\/112820\/revisions"}],"predecessor-version":[{"id":115615,"href":"https:\/\/herbrands.de\/index.php?rest_route=\/wp\/v2\/pages\/112820\/revisions\/115615"}],"wp:attachment":[{"href":"https:\/\/herbrands.de\/index.php?rest_route=%2Fwp%2Fv2%2Fmedia&parent=112820"}],"curies":[{"name":"wp","href":"https:\/\/api.w.org\/{rel}","templated":true}]}}