{"id":112822,"date":"2025-12-09T12:25:00","date_gmt":"2025-12-09T11:25:00","guid":{"rendered":"https:\/\/herbrands.de\/?page_id=112822"},"modified":"2026-02-24T17:11:30","modified_gmt":"2026-02-24T16:11:30","slug":"das-bahnhaeuschen","status":"publish","type":"page","link":"https:\/\/herbrands.de\/?page_id=112822","title":{"rendered":"Das Bahnh\u00e4uschen"},"content":{"rendered":"\n<h2 class=\"wp-block-heading\">Location in der Location<\/h2>\n\n\n\n<p class=\"is-style-sydney-no-margin has-black-color has-global-color-8-background-color has-text-color has-background has-link-color has-medium-font-size wp-elements-75a848abf6e78acc5a6b9613afee8288\">Nutzen Sie unser Bahnh\u00e4uschen zus\u00e4tzlich f\u00fcr diverse Veranstaltungen:<\/p>\n\n\n\n<p class=\"is-style-sydney-no-margin has-black-color has-global-color-8-background-color has-text-color has-background has-link-color has-medium-font-size wp-elements-7d88db03d9bcd2f728f46ed216a76f4b\">Firmenevents, Tagungen, Hausmessen, Seminare, Konferenzen, Produktlaunch &#8211; Sprechen Sie uns an, um die gesamte Bedarfsfl\u00e4che zu ermitteln.<\/p>\n\n\n\n<div class=\"wp-block-media-text alignwide is-stacked-on-mobile\"><figure class=\"wp-block-media-text__media\"><img loading=\"lazy\" decoding=\"async\" width=\"1024\" height=\"768\" src=\"https:\/\/herbrands.de\/wp-content\/uploads\/2025\/12\/Bahnhaeuschen_Bestuhlung_1080-1024x768.jpg\" alt=\"\" class=\"wp-image-112883 size-full\" srcset=\"https:\/\/herbrands.de\/wp-content\/uploads\/2025\/12\/Bahnhaeuschen_Bestuhlung_1080-1024x768.jpg 1024w, https:\/\/herbrands.de\/wp-content\/uploads\/2025\/12\/Bahnhaeuschen_Bestuhlung_1080-300x225.jpg 300w, https:\/\/herbrands.de\/wp-content\/uploads\/2025\/12\/Bahnhaeuschen_Bestuhlung_1080-768x576.jpg 768w, https:\/\/herbrands.de\/wp-content\/uploads\/2025\/12\/Bahnhaeuschen_Bestuhlung_1080-200x150.jpg 200w, https:\/\/herbrands.de\/wp-content\/uploads\/2025\/12\/Bahnhaeuschen_Bestuhlung_1080-1000x750.jpg 1000w, https:\/\/herbrands.de\/wp-content\/uploads\/2025\/12\/Bahnhaeuschen_Bestuhlung_1080-230x173.jpg 230w, https:\/\/herbrands.de\/wp-content\/uploads\/2025\/12\/Bahnhaeuschen_Bestuhlung_1080-350x263.jpg 350w, https:\/\/herbrands.de\/wp-content\/uploads\/2025\/12\/Bahnhaeuschen_Bestuhlung_1080-480x360.jpg 480w, https:\/\/herbrands.de\/wp-content\/uploads\/2025\/12\/Bahnhaeuschen_Bestuhlung_1080.jpg 1440w\" sizes=\"auto, (max-width: 1024px) 100vw, 1024px\" \/><\/figure><div class=\"wp-block-media-text__content\">\n<h2 class=\"wp-block-heading\">Kapazit\u00e4t Bahnh\u00e4uschen<\/h2>\n\n\n\n<ul class=\"wp-block-list has-black-color has-global-color-8-background-color has-text-color has-background has-link-color has-medium-font-size wp-elements-9f491a4a156c4d54ba011054c86dd9df\">\n<li>Empfang mit Stehtischen 40 Personen<\/li>\n\n\n\n<li>Reihenbestuhlung 50 Personen<\/li>\n\n\n\n<li>Gesetzt an langen Tischen 30 Personen<\/li>\n\n\n\n<li>Eigener Outdoor Bereich m\u00f6glich<\/li>\n<\/ul>\n<\/div><\/div>\n\n\n\n<div class=\"wp-block-media-text alignwide has-media-on-the-right is-stacked-on-mobile\"><div class=\"wp-block-media-text__content\">\n<h2 class=\"wp-block-heading\">Technik Bahnh\u00e4uschen<\/h2>\n\n\n\n<ul class=\"wp-block-list has-black-color has-global-color-8-background-color has-text-color has-background has-link-color has-medium-font-size wp-elements-eb0f1fc56ac1edfb1a8f8f0f91fed403\">\n<li>Musikanlage f\u00fcr Anschluss an iPhone\/iPod<\/li>\n\n\n\n<li>Beleuchtung (Decken\u2013 und Wandlampen)<\/li>\n\n\n\n<li>75\u201c Monitor m\u00f6glich<\/li>\n<\/ul>\n<\/div><figure class=\"wp-block-media-text__media\"><img loading=\"lazy\" decoding=\"async\" width=\"1024\" height=\"683\" src=\"https:\/\/herbrands.de\/wp-content\/uploads\/2025\/12\/Bahnhaeuschen_Sommer_1080-1024x683.jpeg\" alt=\"\" class=\"wp-image-112886 size-full\" srcset=\"https:\/\/herbrands.de\/wp-content\/uploads\/2025\/12\/Bahnhaeuschen_Sommer_1080-1024x683.jpeg 1024w, https:\/\/herbrands.de\/wp-content\/uploads\/2025\/12\/Bahnhaeuschen_Sommer_1080-300x200.jpeg 300w, https:\/\/herbrands.de\/wp-content\/uploads\/2025\/12\/Bahnhaeuschen_Sommer_1080-768x512.jpeg 768w, https:\/\/herbrands.de\/wp-content\/uploads\/2025\/12\/Bahnhaeuschen_Sommer_1080-200x133.jpeg 200w, https:\/\/herbrands.de\/wp-content\/uploads\/2025\/12\/Bahnhaeuschen_Sommer_1080-1536x1024.jpeg 1536w, https:\/\/herbrands.de\/wp-content\/uploads\/2025\/12\/Bahnhaeuschen_Sommer_1080-1000x667.jpeg 1000w, https:\/\/herbrands.de\/wp-content\/uploads\/2025\/12\/Bahnhaeuschen_Sommer_1080-230x153.jpeg 230w, https:\/\/herbrands.de\/wp-content\/uploads\/2025\/12\/Bahnhaeuschen_Sommer_1080-350x233.jpeg 350w, https:\/\/herbrands.de\/wp-content\/uploads\/2025\/12\/Bahnhaeuschen_Sommer_1080-480x320.jpeg 480w, https:\/\/herbrands.de\/wp-content\/uploads\/2025\/12\/Bahnhaeuschen_Sommer_1080.jpeg 1620w\" sizes=\"auto, (max-width: 1024px) 100vw, 1024px\" \/><\/figure><\/div>\n\n\n\n<div class=\"wp-block-media-text alignwide is-stacked-on-mobile\"><figure class=\"wp-block-media-text__media\"><img loading=\"lazy\" decoding=\"async\" width=\"768\" height=\"1024\" src=\"https:\/\/herbrands.de\/wp-content\/uploads\/2025\/12\/Bahnhaeuschen6_1080-768x1024.jpg\" alt=\"\" class=\"wp-image-112890 size-full\" srcset=\"https:\/\/herbrands.de\/wp-content\/uploads\/2025\/12\/Bahnhaeuschen6_1080-768x1024.jpg 768w, https:\/\/herbrands.de\/wp-content\/uploads\/2025\/12\/Bahnhaeuschen6_1080-225x300.jpg 225w, https:\/\/herbrands.de\/wp-content\/uploads\/2025\/12\/Bahnhaeuschen6_1080-150x200.jpg 150w, https:\/\/herbrands.de\/wp-content\/uploads\/2025\/12\/Bahnhaeuschen6_1080-230x307.jpg 230w, https:\/\/herbrands.de\/wp-content\/uploads\/2025\/12\/Bahnhaeuschen6_1080-350x467.jpg 350w, https:\/\/herbrands.de\/wp-content\/uploads\/2025\/12\/Bahnhaeuschen6_1080-480x640.jpg 480w, https:\/\/herbrands.de\/wp-content\/uploads\/2025\/12\/Bahnhaeuschen6_1080.jpg 810w\" sizes=\"auto, (max-width: 768px) 100vw, 768px\" \/><\/figure><div class=\"wp-block-media-text__content\">\n<h2 class=\"wp-block-heading\">Ausstattung Bahnh\u00e4uschen<\/h2>\n\n\n\n<ul class=\"wp-block-list has-black-color has-global-color-8-background-color has-text-color has-background has-link-color has-medium-font-size wp-elements-fa498d6747ce64201693b472ea20d4cc\">\n<li>30m\u00b2 Fl\u00e4che<\/li>\n\n\n\n<li>Geschlossener Raum<\/li>\n\n\n\n<li>Eigene Bar<\/li>\n\n\n\n<li>Eingebaute Heizstrahler<\/li>\n\n\n\n<li>Eigener Biergartenteil<\/li>\n\n\n\n<li>Eigene Gastronomie<\/li>\n\n\n\n<li>Parkpl\u00e4tze<\/li>\n\n\n\n<li>LKW Zufahrt<\/li>\n\n\n\n<li>Barrierefrei<\/li>\n\n\n\n<li>\u00d6ffentliche Verkehrsmittel<\/li>\n\n\n\n<li>Parkhaus fu\u00dfl\u00e4ufig<\/li>\n<\/ul>\n<\/div><\/div>\n\n\n\n<div class=\"wp-block-media-text alignwide has-media-on-the-right is-stacked-on-mobile\"><div class=\"wp-block-media-text__content\">\n<p class=\"\/* Beispielklasse: .link-rot *\/ a, a:visited { color: red !important; text-decoration: none; } a:hover, a:focus #cc0000 underline; a:active #990000 has-black-color has-global-color-8-background-color has-text-color has-background has-link-color wp-elements-64b19cc90b13dd345a41a9bf239a8e0b\">Sprechen Sie uns an: 0221-9541656. Das Veranstaltungs- \/ Eventb\u00fcro ist werktags in den Kernzeiten von 10:00 &#8211; 16:00 Uhr mit einem kompetenten Ansprechpartner besetzt. Sie k\u00f6nnen gerne unser <a href=\"https:\/\/herbrands.de\/?page_id=112820\">Kontaktformular <\/a>nutzen und wir rufen Sie zur\u00fcck.<\/p>\n\n\n\n<h6 class=\"wp-block-heading has-black-color has-global-color-8-background-color has-text-color has-background has-link-color wp-elements-b97baedfe16ce44a9c37805c4a9c13e1\"><a href=\"https:\/\/herbrands.de\/downloads\/Datenblatt_Herbrands_Bahnhaeschen.pdf\" target=\"_blank\" rel=\"noreferrer noopener\">Datenblatt als PDF<\/a><\/h6>\n\n\n\n<h6 class=\"wp-block-heading has-black-color has-global-color-8-background-color has-text-color has-background has-link-color wp-elements-7de617224d50837259a338f06169bfc6\"><a href=\"https:\/\/herbrands.de\/downloads\/Locationbrochuere_Herbrands.pdf\" target=\"_blank\" rel=\"noreferrer noopener\">Download HERBRAND\u2019s Locationbrosch\u00fcre<\/a><\/h6>\n\n\n\n<h6 class=\"wp-block-heading has-black-color has-global-color-8-background-color has-text-color has-background has-link-color wp-elements-d3e6e4b5364acdb53f339d85963f7cd9\"><a href=\"https:\/\/herbrands.de\/wp-content\/uploads\/2017\/12\/Herbrands_Location\u00fcbersicht.pdf\" target=\"_blank\" rel=\"noreferrer noopener\">Download Location\u00fcbersicht<\/a><\/h6>\n<\/div><figure class=\"wp-block-media-text__media\"><\/figure><\/div>\n","protected":false},"excerpt":{"rendered":"<p>Location in der Location Nutzen Sie unser Bahnh\u00e4uschen zus\u00e4tzlich f\u00fcr diverse Veranstaltungen: Firmenevents, Tagungen, Hausmessen, Seminare, Konferenzen, Produktlaunch &#8211; Sprechen Sie uns [&hellip;]<\/p>\n","protected":false},"author":1,"featured_media":0,"parent":0,"menu_order":0,"comment_status":"closed","ping_status":"closed","template":"page-templates\/page_fullwidth.php","meta":{"footnotes":""},"class_list":["post-112822","page","type-page","status-publish","hentry"],"_links":{"self":[{"href":"https:\/\/herbrands.de\/index.php?rest_route=\/wp\/v2\/pages\/112822","targetHints":{"allow":["GET"]}}],"collection":[{"href":"https:\/\/herbrands.de\/index.php?rest_route=\/wp\/v2\/pages"}],"about":[{"href":"https:\/\/herbrands.de\/index.php?rest_route=\/wp\/v2\/types\/page"}],"author":[{"embeddable":true,"href":"https:\/\/herbrands.de\/index.php?rest_route=\/wp\/v2\/users\/1"}],"replies":[{"embeddable":true,"href":"https:\/\/herbrands.de\/index.php?rest_route=%2Fwp%2Fv2%2Fcomments&post=112822"}],"version-history":[{"count":15,"href":"https:\/\/herbrands.de\/index.php?rest_route=\/wp\/v2\/pages\/112822\/revisions"}],"predecessor-version":[{"id":114531,"href":"https:\/\/herbrands.de\/index.php?rest_route=\/wp\/v2\/pages\/112822\/revisions\/114531"}],"wp:attachment":[{"href":"https:\/\/herbrands.de\/index.php?rest_route=%2Fwp%2Fv2%2Fmedia&parent=112822"}],"curies":[{"name":"wp","href":"https:\/\/api.w.org\/{rel}","templated":true}]}}