{"id":112826,"date":"2025-12-09T12:26:37","date_gmt":"2025-12-09T11:26:37","guid":{"rendered":"https:\/\/herbrands.de\/?page_id=112826"},"modified":"2026-02-24T17:16:16","modified_gmt":"2026-02-24T16:16:16","slug":"der-biergarten","status":"publish","type":"page","link":"https:\/\/herbrands.de\/?page_id=112826","title":{"rendered":"Der Biergarten"},"content":{"rendered":"\n<h2 class=\"wp-block-heading\">Gr\u00fcn, gem\u00fctlich, gigantisch<\/h2>\n\n\n\n<p class=\"is-style-sydney-no-margin has-black-color has-global-color-8-background-color has-text-color has-background has-link-color has-medium-font-size wp-elements-0ce0e216affe8b90b600b4b709e1ef4f\">Nutzen Sie unseren Biergarten zus\u00e4tzlich f\u00fcr diverse Veranstaltungen:<\/p>\n\n\n\n<p class=\"is-style-sydney-no-margin has-black-color has-global-color-8-background-color has-text-color has-background has-link-color has-medium-font-size wp-elements-7d88db03d9bcd2f728f46ed216a76f4b\">Firmenevents, Tagungen, Hausmessen, Seminare, Konferenzen, Produktlaunch &#8211; Sprechen Sie uns an, um die gesamte Bedarfsfl\u00e4che zu ermitteln.<\/p>\n\n\n\n<div class=\"wp-block-media-text alignwide is-stacked-on-mobile\"><figure class=\"wp-block-media-text__media\"><img loading=\"lazy\" decoding=\"async\" width=\"1024\" height=\"768\" src=\"https:\/\/herbrands.de\/wp-content\/uploads\/2025\/12\/Garten-von-Buehne_1080-1024x768.jpg\" alt=\"\" class=\"wp-image-112913 size-full\" srcset=\"https:\/\/herbrands.de\/wp-content\/uploads\/2025\/12\/Garten-von-Buehne_1080-1024x768.jpg 1024w, https:\/\/herbrands.de\/wp-content\/uploads\/2025\/12\/Garten-von-Buehne_1080-300x225.jpg 300w, https:\/\/herbrands.de\/wp-content\/uploads\/2025\/12\/Garten-von-Buehne_1080-768x576.jpg 768w, https:\/\/herbrands.de\/wp-content\/uploads\/2025\/12\/Garten-von-Buehne_1080-200x150.jpg 200w, https:\/\/herbrands.de\/wp-content\/uploads\/2025\/12\/Garten-von-Buehne_1080-1000x750.jpg 1000w, https:\/\/herbrands.de\/wp-content\/uploads\/2025\/12\/Garten-von-Buehne_1080-230x173.jpg 230w, https:\/\/herbrands.de\/wp-content\/uploads\/2025\/12\/Garten-von-Buehne_1080-350x263.jpg 350w, https:\/\/herbrands.de\/wp-content\/uploads\/2025\/12\/Garten-von-Buehne_1080-480x360.jpg 480w, https:\/\/herbrands.de\/wp-content\/uploads\/2025\/12\/Garten-von-Buehne_1080.jpg 1440w\" sizes=\"auto, (max-width: 1024px) 100vw, 1024px\" \/><\/figure><div class=\"wp-block-media-text__content\">\n<h2 class=\"wp-block-heading\">Kapazit\u00e4t Biergarten<\/h2>\n\n\n\n<ul class=\"wp-block-list has-black-color has-global-color-8-background-color has-text-color has-background has-link-color has-medium-font-size wp-elements-fc8e70a1df1d859671f08f2d812afdf6\">\n<li class=\"has-global-color-8-background-color has-background\">Biergartenbestuhlung 800 Personen<\/li>\n\n\n\n<li class=\"has-global-color-8-background-color has-background\">M\u00f6gliche \u00fcberdachte Pl\u00e4tze 480 Personen<\/li>\n\n\n\n<li class=\"has-global-color-8-background-color has-background\">Andere Varianten nach Absprache<\/li>\n<\/ul>\n<\/div><\/div>\n\n\n\n<div class=\"wp-block-media-text alignwide has-media-on-the-right is-stacked-on-mobile\"><div class=\"wp-block-media-text__content\">\n<h2 class=\"wp-block-heading has-global-color-8-background-color has-background\">Technik Biergarten<\/h2>\n\n\n\n<ul class=\"wp-block-list has-black-color has-global-color-8-background-color has-text-color has-background has-link-color has-medium-font-size wp-elements-31062d1b92bf28a276f3aef976442f50\">\n<li class=\"has-global-color-8-background-color has-background\">Tonanlage<\/li>\n\n\n\n<li>Beleuchtung<\/li>\n\n\n\n<li>LED Leinwand<\/li>\n<\/ul>\n<\/div><figure class=\"wp-block-media-text__media\"><img loading=\"lazy\" decoding=\"async\" width=\"1024\" height=\"768\" src=\"https:\/\/herbrands.de\/wp-content\/uploads\/2025\/12\/IMG_4670_1080-1024x768.jpg\" alt=\"\" class=\"wp-image-112915 size-full\" srcset=\"https:\/\/herbrands.de\/wp-content\/uploads\/2025\/12\/IMG_4670_1080-1024x768.jpg 1024w, https:\/\/herbrands.de\/wp-content\/uploads\/2025\/12\/IMG_4670_1080-300x225.jpg 300w, https:\/\/herbrands.de\/wp-content\/uploads\/2025\/12\/IMG_4670_1080-768x576.jpg 768w, https:\/\/herbrands.de\/wp-content\/uploads\/2025\/12\/IMG_4670_1080-200x150.jpg 200w, https:\/\/herbrands.de\/wp-content\/uploads\/2025\/12\/IMG_4670_1080-1000x750.jpg 1000w, https:\/\/herbrands.de\/wp-content\/uploads\/2025\/12\/IMG_4670_1080-230x173.jpg 230w, https:\/\/herbrands.de\/wp-content\/uploads\/2025\/12\/IMG_4670_1080-350x263.jpg 350w, https:\/\/herbrands.de\/wp-content\/uploads\/2025\/12\/IMG_4670_1080-480x360.jpg 480w, https:\/\/herbrands.de\/wp-content\/uploads\/2025\/12\/IMG_4670_1080.jpg 1440w\" sizes=\"auto, (max-width: 1024px) 100vw, 1024px\" \/><\/figure><\/div>\n\n\n\n<div class=\"wp-block-media-text alignwide is-stacked-on-mobile\"><figure class=\"wp-block-media-text__media\"><img loading=\"lazy\" decoding=\"async\" width=\"1024\" height=\"576\" src=\"https:\/\/herbrands.de\/wp-content\/uploads\/2025\/12\/April-2019_1080-1024x576.jpg\" alt=\"\" class=\"wp-image-112921 size-full\" srcset=\"https:\/\/herbrands.de\/wp-content\/uploads\/2025\/12\/April-2019_1080-1024x576.jpg 1024w, https:\/\/herbrands.de\/wp-content\/uploads\/2025\/12\/April-2019_1080-300x169.jpg 300w, https:\/\/herbrands.de\/wp-content\/uploads\/2025\/12\/April-2019_1080-768x432.jpg 768w, https:\/\/herbrands.de\/wp-content\/uploads\/2025\/12\/April-2019_1080-200x113.jpg 200w, https:\/\/herbrands.de\/wp-content\/uploads\/2025\/12\/April-2019_1080-1536x864.jpg 1536w, https:\/\/herbrands.de\/wp-content\/uploads\/2025\/12\/April-2019_1080-1000x563.jpg 1000w, https:\/\/herbrands.de\/wp-content\/uploads\/2025\/12\/April-2019_1080-230x129.jpg 230w, https:\/\/herbrands.de\/wp-content\/uploads\/2025\/12\/April-2019_1080-350x197.jpg 350w, https:\/\/herbrands.de\/wp-content\/uploads\/2025\/12\/April-2019_1080-480x270.jpg 480w, https:\/\/herbrands.de\/wp-content\/uploads\/2025\/12\/April-2019_1080.jpg 1920w\" sizes=\"auto, (max-width: 1024px) 100vw, 1024px\" \/><\/figure><div class=\"wp-block-media-text__content\">\n<h2 class=\"wp-block-heading\">Ausstattung Biergarten<\/h2>\n\n\n\n<ul class=\"wp-block-list has-black-color has-global-color-8-background-color has-text-color has-background has-link-color has-medium-font-size wp-elements-7792019fdc06580f72c33868b453a3b9\">\n<li>1000 qm Fl\u00e4che<\/li>\n\n\n\n<li class=\"has-global-color-8-background-color has-background\">Gro\u00dfe Au\u00dfenbar<\/li>\n\n\n\n<li>Eingebaute Outdoor B\u00fchne<\/li>\n\n\n\n<li>Eigene Gastronomie<\/li>\n\n\n\n<li>Parkpl\u00e4tze<\/li>\n\n\n\n<li>LKW Zufahrt<\/li>\n\n\n\n<li>Barrierefrei<\/li>\n\n\n\n<li>\u00d6ffentliche Verkehrsmittel<\/li>\n\n\n\n<li>Parkhaus fu\u00dfl\u00e4ufig<\/li>\n<\/ul>\n<\/div><\/div>\n\n\n\n<div class=\"wp-block-media-text alignwide has-media-on-the-right is-stacked-on-mobile\"><div class=\"wp-block-media-text__content\">\n<p class=\"\/* Beispielklasse: .link-rot *\/ a, a:visited { color: red !important; text-decoration: none; } a:hover, a:focus #cc0000 underline; a:active #990000 has-black-color has-global-color-8-background-color has-text-color has-background has-link-color wp-elements-64b19cc90b13dd345a41a9bf239a8e0b\">Sprechen Sie uns an: 0221-9541656. Das Veranstaltungs- \/ Eventb\u00fcro ist werktags in den Kernzeiten von 10:00 &#8211; 16:00 Uhr mit einem kompetenten Ansprechpartner besetzt. Sie k\u00f6nnen gerne unser <a href=\"https:\/\/herbrands.de\/?page_id=112820\">Kontaktformular <\/a>nutzen und wir rufen Sie zur\u00fcck.<\/p>\n\n\n\n<h6 class=\"wp-block-heading has-black-color has-global-color-8-background-color has-text-color has-background has-link-color wp-elements-fc542e963eb129a43644b1535d2e15d9\"><a href=\"https:\/\/herbrands.de\/downloads\/Datenblatt_Herbrands_Biergarten.pdf\" target=\"_blank\" rel=\"noreferrer noopener\">Datenblatt als PDF<\/a><\/h6>\n\n\n\n<h6 class=\"wp-block-heading has-black-color has-global-color-8-background-color has-text-color has-background has-link-color wp-elements-7de617224d50837259a338f06169bfc6\"><a href=\"https:\/\/herbrands.de\/downloads\/Locationbrochuere_Herbrands.pdf\" target=\"_blank\" rel=\"noreferrer noopener\">Download HERBRAND\u2019s Locationbrosch\u00fcre<\/a><\/h6>\n\n\n\n<h6 class=\"wp-block-heading has-black-color has-global-color-8-background-color has-text-color has-background has-link-color wp-elements-d3e6e4b5364acdb53f339d85963f7cd9\"><a href=\"https:\/\/herbrands.de\/wp-content\/uploads\/2017\/12\/Herbrands_Location\u00fcbersicht.pdf\" target=\"_blank\" rel=\"noreferrer noopener\">Download Location\u00fcbersicht<\/a><\/h6>\n<\/div><figure class=\"wp-block-media-text__media\"><\/figure><\/div>\n","protected":false},"excerpt":{"rendered":"<p>Gr\u00fcn, gem\u00fctlich, gigantisch Nutzen Sie unseren Biergarten zus\u00e4tzlich f\u00fcr diverse Veranstaltungen: Firmenevents, Tagungen, Hausmessen, Seminare, Konferenzen, Produktlaunch &#8211; Sprechen Sie uns an, [&hellip;]<\/p>\n","protected":false},"author":1,"featured_media":0,"parent":0,"menu_order":0,"comment_status":"closed","ping_status":"closed","template":"page-templates\/page_fullwidth.php","meta":{"footnotes":""},"class_list":["post-112826","page","type-page","status-publish","hentry"],"_links":{"self":[{"href":"https:\/\/herbrands.de\/index.php?rest_route=\/wp\/v2\/pages\/112826","targetHints":{"allow":["GET"]}}],"collection":[{"href":"https:\/\/herbrands.de\/index.php?rest_route=\/wp\/v2\/pages"}],"about":[{"href":"https:\/\/herbrands.de\/index.php?rest_route=\/wp\/v2\/types\/page"}],"author":[{"embeddable":true,"href":"https:\/\/herbrands.de\/index.php?rest_route=\/wp\/v2\/users\/1"}],"replies":[{"embeddable":true,"href":"https:\/\/herbrands.de\/index.php?rest_route=%2Fwp%2Fv2%2Fcomments&post=112826"}],"version-history":[{"count":11,"href":"https:\/\/herbrands.de\/index.php?rest_route=\/wp\/v2\/pages\/112826\/revisions"}],"predecessor-version":[{"id":114535,"href":"https:\/\/herbrands.de\/index.php?rest_route=\/wp\/v2\/pages\/112826\/revisions\/114535"}],"wp:attachment":[{"href":"https:\/\/herbrands.de\/index.php?rest_route=%2Fwp%2Fv2%2Fmedia&parent=112826"}],"curies":[{"name":"wp","href":"https:\/\/api.w.org\/{rel}","templated":true}]}}