{"id":16,"date":"2017-12-06T09:46:02","date_gmt":"2017-12-06T09:46:02","guid":{"rendered":"http:\/\/herbrands.de\/?page_id=16"},"modified":"2026-04-08T10:19:58","modified_gmt":"2026-04-08T08:19:58","slug":"willkommen","status":"publish","type":"page","link":"https:\/\/herbrands.de\/","title":{"rendered":"Willkommen liebe G\u00e4ste"},"content":{"rendered":"\n<p><p>Herzlich willkommen in einer der sch\u00f6nsten Location mitten in Ehrenfeld.<br>Restaurant, Club, Eventhalle, Biergarten, Bahnh\u00e4uschen, Outdoorbereich.<br>Essen &#8211; Trinken &#8211; Feiern &#8211; Action &#8211; Chillen.<br>Das <span style=\"color: #e42829;\"><strong>Herbrand&#8217;s<\/strong><\/span>: Eine Location \u2013 alle M\u00f6glichkeiten!<\/p><\/p>\n\n\n\n<div class=\"wp-block-buttons is-content-justification-center is-layout-flex wp-container-core-buttons-is-layout-a89b3969 wp-block-buttons-is-layout-flex\">\n<div class=\"wp-block-button\"><a class=\"wp-block-button__link wp-element-button\" href=\"https:\/\/herbrands.de\/?page_id=307\">HIER ONLINE RESERVIEREN!<\/a><\/div>\n<\/div>\n\n\n\n<h2 class=\"wp-block-heading has-text-color has-link-color wp-elements-dbd0dd12511eaf64120ca0d5c188b8c8\" style=\"color:#e42829\"><span style=\"color: #ff0000;\">A K T U E L L<\/span><\/h2>\n\n\n<ul class=\"display-posts-listing\"><li class=\"listing-item\"><a class=\"title\" href=\"https:\/\/herbrands.de\/?p=114187\">TANZ IN DEN MAI 2026 | NOCH WENIGE TICKETS ONLINE!<\/a><\/li><li class=\"listing-item\"><a class=\"title\" href=\"https:\/\/herbrands.de\/?p=80529\">HERBRAND&#8217;s FIRST SUNDAY BRUNCH<\/a><\/li><li class=\"listing-item\"><a class=\"title\" href=\"https:\/\/herbrands.de\/?p=51347\">JEDES WOCHENENDE PARTY IM HERBRAND&#8217;s CLUB * EINTRITT FREI *<\/a><\/li><\/ul>\n\n\n\n<h5 class=\"wp-block-heading\">Das HERBRAND&#8217;s bleibt an folgenden Tagen geschlossen:<\/h5>\n\n\n\n<ul class=\"wp-block-list\">\n<li>Montag Ruhetag vom 02.01.2026 &#8211; 14.04.2026<\/li>\n\n\n\n<li>26.04.2026<\/li>\n\n\n\n<li>10.11.2026<\/li>\n\n\n\n<li>24.12. &#8211; 26.12.2026<\/li>\n\n\n\n<li>30.12.2026<\/li>\n<\/ul>\n\n\n\n<h5 class=\"wp-block-heading\">Adresse<\/h5>\n\n\n\n<div class=\"wp-block-columns is-layout-flex wp-container-core-columns-is-layout-28f84493 wp-block-columns-is-layout-flex\">\n<div class=\"wp-block-column is-layout-flow wp-block-column-is-layout-flow\">\n<\/p>\n<p><span style=\"color: #e42829;\"><strong>Herbrand&#8217;s<\/strong><\/span><strong style=\"font-size: revert; font-family: inherit;\"><span style=\"color: #808080;\"> ehrenfeld<\/span><\/strong><\/p>\n<p style=\"text-align: left;\" align=\"center\">Herbrandstr. 21<br \/>50825 K\u00f6ln<\/p>\n<p><strong style=\"font-size: revert;\">Telefon: <a href=\"tel: +492219541626\">0221 &#8211; 9541 626<\/a><\/strong><\/p>\n<\/div>\n\n\n\n<div class=\"wp-block-column is-layout-flow wp-block-column-is-layout-flow\">\n<iframe src=\"https:\/\/www.google.com\/maps\/embed?pb=!1m18!1m12!1m3!1d2513.502731098842!2d6.907872276243464!3d50.951408751168216!2m3!1f0!2f0!3f0!3m2!1i1024!2i768!4f13.1!3m3!1m2!1s0x47bf2539ac37fac7%3A0x8d5bdf0c58e1a0a4!2sHERBRAND&#39;s%20ehrenfeld!5e0!3m2!1sen!2sza!4v1736092909727!5m2!1sen!2sza\" width=\"600\" height=\"450\" style=\"border:0;\" allowfullscreen=\"\" loading=\"lazy\" referrerpolicy=\"no-referrer-when-downgrade\"><\/iframe>\n<\/div>\n<\/div>\n\n\n\n<h3 class=\"wp-block-heading\">Anreise<\/h3>\n\n\n\n<h5 class=\"wp-block-heading\">Mit dem Fahrrad<\/h5>\n\n\n\n<p><p>Wir haben einen Fahrradparkplatz vor der T\u00fcr und sollte der einmal \u00fcberf\u00fcllt sein, bieten sich entlang der Herbrandstra\u00dfe verschiedene M\u00f6glichkeiten das Fahrrad sicher anzuschlie\u00dfen.<\/p><\/p>\n\n\n\n<h5 class=\"wp-block-heading\">Nahverkehr<\/h5>\n\n\n\n<p><p style=\"text-align: left;\" align=\"right\">U-Bahn Linie 3\/4\/13 bis zur Haltestelle &#8222;Venloer Str.\/G\u00fcrtel&#8220;<br>Buslinie 141\/142\/143 bis zur Haltestelle &#8222;Venloer Str.\/G\u00fcrtel&#8220;<br>S-Bahnlinie 12\/13\/19 bis &#8222;Bahnhof Ehrenfeld&#8220;<\/p><\/p>\n\n\n\n<h5 class=\"wp-block-heading\">PKW-Anfahrt<\/h5>\n\n\n\n<p><p style=\"text-align: left;\">Von der Autobahn A1\/A57: Ausfahrt Ehrenfeld rechts auf den G\u00fcrtel. Circa 1000 m geradeaus bis zur Kreuzung Venloer Stra\u00dfe und rechts in die Venloer Stra\u00dfe abbiegen.\u00a0Anschlie\u00dfend die zweite Stra\u00dfe links in die Herbrandstra\u00dfe einbiegen.<\/p><\/p>\n\n\n\n<h5 class=\"wp-block-heading\">Parkplatzm\u00f6glichkeiten<\/h5>\n\n\n\n<p><p style=\"text-align: left;\">Das Herbrands verf\u00fcgt \u00fcber einen eigenen Parkplatz, kostenlos f\u00fcr Herbrand\u00b4s Kunden.<\/p><\/p>\n\n\n\n<h5 class=\"wp-block-heading\">Helios Parkplatz<\/h5>\n\n\n\n<p><p>Venloerstra\u00dfe 389, 50825 K\u00f6ln\u00a0<br><span style=\"font-family: inherit; font-weight: inherit;\">5 Gehminuten entfernt<\/span><\/p><\/p>\n\n\n\n<h5 class=\"wp-block-heading\">City Parkhaus Ehrenfeld<\/h5>\n\n\n\n<p><p>Venloerstra\u00dfe 417, 50825 K\u00f6ln<br><span style=\"font-family: inherit; font-weight: inherit;\">1 Gehminute entfernt<\/span><\/p><\/p>\n\n\n\n<p><\/p>\n","protected":false},"excerpt":{"rendered":"<p>Herzlich willkommen in einer der sch\u00f6nsten Location mitten in Ehrenfeld.Restaurant, Club, Eventhalle, Biergarten, Bahnh\u00e4uschen, Outdoorbereich.Essen &#8211; Trinken &#8211; Feiern &#8211; Action &#8211; [&hellip;]<\/p>\n","protected":false},"author":1,"featured_media":0,"parent":0,"menu_order":0,"comment_status":"closed","ping_status":"closed","template":"","meta":{"footnotes":""},"class_list":["post-16","page","type-page","status-publish","hentry"],"_links":{"self":[{"href":"https:\/\/herbrands.de\/index.php?rest_route=\/wp\/v2\/pages\/16","targetHints":{"allow":["GET"]}}],"collection":[{"href":"https:\/\/herbrands.de\/index.php?rest_route=\/wp\/v2\/pages"}],"about":[{"href":"https:\/\/herbrands.de\/index.php?rest_route=\/wp\/v2\/types\/page"}],"author":[{"embeddable":true,"href":"https:\/\/herbrands.de\/index.php?rest_route=\/wp\/v2\/users\/1"}],"replies":[{"embeddable":true,"href":"https:\/\/herbrands.de\/index.php?rest_route=%2Fwp%2Fv2%2Fcomments&post=16"}],"version-history":[{"count":95,"href":"https:\/\/herbrands.de\/index.php?rest_route=\/wp\/v2\/pages\/16\/revisions"}],"predecessor-version":[{"id":115848,"href":"https:\/\/herbrands.de\/index.php?rest_route=\/wp\/v2\/pages\/16\/revisions\/115848"}],"wp:attachment":[{"href":"https:\/\/herbrands.de\/index.php?rest_route=%2Fwp%2Fv2%2Fmedia&parent=16"}],"curies":[{"name":"wp","href":"https:\/\/api.w.org\/{rel}","templated":true}]}}