{"id":59,"date":"2017-12-06T12:31:09","date_gmt":"2017-12-06T12:31:09","guid":{"rendered":"http:\/\/herbrands.de\/?page_id=59"},"modified":"2026-04-08T10:23:25","modified_gmt":"2026-04-08T08:23:25","slug":"restaurant","status":"publish","type":"page","link":"https:\/\/herbrands.de\/?page_id=59","title":{"rendered":"Restaurant"},"content":{"rendered":"\n<p>Das Herbrand\u00b4s ist seit vielen Jahren ein beliebter Anlaufpunkt f\u00fcr Ehrenfelder, K\u00f6lner und G\u00e4ste.&nbsp;Inspiriert durch die Vielf\u00e4ltigkeit seiner G\u00e4ste bleibt hier alles immer in Bewegung, was sich auch in den Speisenkarten widerspiegelt. Bei einer harmonischen Mischung aus mediterranen Kleinigkeiten, amerikanischen Burgern, vegetarischer Pasta und handgemachter Pizza ist f\u00fcr jedes Genie\u00dfer-Herz etwas dabei.&nbsp;Zus\u00e4tzlich gibt es regelm\u00e4\u00dfig wechselnde saisonale Karten sowie Tagesangebote.<\/p>\n\n\n\n<p>Dank der langen Tische ist eine gem\u00fctliche und kommunikative Form des Speisens m\u00f6glich. In der Sommersaison l\u00e4dt zus\u00e4tzlich der wundersch\u00f6ne gro\u00dfe Biergarten zum Verweilen ein.<\/p>\n\n\n\n<p>Ein Event f\u00fcr die ganze Familie ist der Sonntagsbrunch am ersten Sonntag eines Monats von 10.00 bis 14.00 Uhr. F\u00fcr Kinder ab 3 Jahren halten wir ein Bastelangebot bereit.<\/p>\n\n\n\n<div class=\"wp-block-buttons is-content-justification-center is-layout-flex wp-container-core-buttons-is-layout-a89b3969 wp-block-buttons-is-layout-flex\">\n<div class=\"wp-block-button\"><a class=\"wp-block-button__link wp-element-button\" href=\"https:\/\/herbrands.de\/downloads\/speisen.pdf\" target=\"_blank\" rel=\"noreferrer noopener\">Speisenkarte<\/a><\/div>\n\n\n\n<div class=\"wp-block-button\"><a class=\"wp-block-button__link wp-element-button\" href=\"https:\/\/herbrands.de\/downloads\/menu.pdf\" target=\"_blank\" rel=\"noreferrer noopener\">English Menu<\/a><\/div>\n\n\n\n<div class=\"wp-block-button\"><a class=\"wp-block-button__link wp-element-button\" href=\"https:\/\/herbrands.de\/downloads\/trinken.pdf\" target=\"_blank\" rel=\"noreferrer noopener\">Getr\u00e4nkekarte<\/a><\/div>\n\n\n\n<div class=\"wp-block-button\"><a class=\"wp-block-button__link wp-element-button\" href=\"https:\/\/herbrands.de\/downloads\/brunch.pdf\" target=\"_blank\" rel=\"noreferrer noopener\">Sonntagsbrunch<\/a><\/div>\n<\/div>\n\n\n\n<p><\/p>\n","protected":false},"excerpt":{"rendered":"<p>Das Herbrand\u00b4s ist seit vielen Jahren ein beliebter Anlaufpunkt f\u00fcr Ehrenfelder, K\u00f6lner und G\u00e4ste.&nbsp;Inspiriert durch die Vielf\u00e4ltigkeit seiner G\u00e4ste bleibt hier alles [&hellip;]<\/p>\n","protected":false},"author":1,"featured_media":0,"parent":0,"menu_order":0,"comment_status":"closed","ping_status":"closed","template":"","meta":{"footnotes":""},"class_list":["post-59","page","type-page","status-publish","hentry"],"_links":{"self":[{"href":"https:\/\/herbrands.de\/index.php?rest_route=\/wp\/v2\/pages\/59","targetHints":{"allow":["GET"]}}],"collection":[{"href":"https:\/\/herbrands.de\/index.php?rest_route=\/wp\/v2\/pages"}],"about":[{"href":"https:\/\/herbrands.de\/index.php?rest_route=\/wp\/v2\/types\/page"}],"author":[{"embeddable":true,"href":"https:\/\/herbrands.de\/index.php?rest_route=\/wp\/v2\/users\/1"}],"replies":[{"embeddable":true,"href":"https:\/\/herbrands.de\/index.php?rest_route=%2Fwp%2Fv2%2Fcomments&post=59"}],"version-history":[{"count":9,"href":"https:\/\/herbrands.de\/index.php?rest_route=\/wp\/v2\/pages\/59\/revisions"}],"predecessor-version":[{"id":115852,"href":"https:\/\/herbrands.de\/index.php?rest_route=\/wp\/v2\/pages\/59\/revisions\/115852"}],"wp:attachment":[{"href":"https:\/\/herbrands.de\/index.php?rest_route=%2Fwp%2Fv2%2Fmedia&parent=59"}],"curies":[{"name":"wp","href":"https:\/\/api.w.org\/{rel}","templated":true}]}}